{"id":211,"date":"2024-04-23T08:40:57","date_gmt":"2024-04-23T08:40:57","guid":{"rendered":"https:\/\/fuemi-kijufa.de\/?page_id=211"},"modified":"2024-04-23T08:48:53","modified_gmt":"2024-04-23T08:48:53","slug":"sponsoring","status":"publish","type":"page","link":"https:\/\/fuemi-kijufa.de\/index.php\/sponsoring\/","title":{"rendered":"Sponsoring"},"content":{"rendered":"\n<p class=\"has-black-color has-text-color has-link-color has-medium-font-size wp-elements-aa55b1c2265ecc9ca50dbbc94075eabe\">Sie m\u00f6chten Sponsoring Partner ?<\/p>\n\n\n\n<p class=\"has-black-color has-text-color has-link-color has-medium-font-size wp-elements-9ea9de3557edab6b4469dff93e6affdc\"><\/p>\n\n\n\n<p class=\"has-black-color has-text-color has-link-color has-medium-font-size wp-elements-b5b708125c72cf5133aff78b6ecb0c74\">Wir bieten diverse M\u00f6glichkeiten des Sponsorings in jeder Preisklasse an. Gerne senden wir Ihnen unsere allgemeine Sponsoringmappe zu oder unterbreiten Ihnen ein Angebot ganz auf Ihre individuellen Bed\u00fcrfnisse zugeschnitten. <\/p>\n\n\n\n<p class=\"has-black-color has-text-color has-link-color has-medium-font-size wp-elements-14ee00edefe0a50029a5c968daf6ea3a\">Wenden Sie sich gerne an uns wir haben diverse Sponsoringpakete im Angebot, ganz sicher ist auch das richtige f\u00fcr Sie dabei.<\/p>\n\n\n\n<p class=\"has-black-color has-text-color has-link-color has-medium-font-size wp-elements-9ea9de3557edab6b4469dff93e6affdc\"><\/p>\n\n\n\n<p class=\"has-black-color has-text-color has-link-color has-medium-font-size wp-elements-2a8aa2f87f2f0071694032ff1a712e35\">Wir stehen Ihnen unter <a href=\"mailto:zukunft@fue-mi.de\">zukunft@fue-mi.de<\/a> gerne jederzeit zur Verf\u00fcgung.<\/p>\n","protected":false},"excerpt":{"rendered":"<p>Sie m\u00f6chten Sponsoring Partner ? Wir bieten diverse M\u00f6glichkeiten des Sponsorings in jeder Preisklasse an. Gerne senden wir Ihnen unsere allgemeine Sponsoringmappe zu oder unterbreiten Ihnen ein Angebot ganz auf Ihre individuellen Bed\u00fcrfnisse zugeschnitten. Wenden Sie sich gerne an uns wir haben diverse Sponsoringpakete im Angebot, ganz sicher ist auch das richtige f\u00fcr Sie dabei. [&hellip;]<\/p>\n","protected":false},"author":1,"featured_media":0,"parent":0,"menu_order":0,"comment_status":"closed","ping_status":"closed","template":"","meta":{"footnotes":""},"class_list":["post-211","page","type-page","status-publish","hentry"],"yoast_head":"<!-- This site is optimized with the Yoast SEO plugin v27.4 - https:\/\/yoast.com\/product\/yoast-seo-wordpress\/ -->\n<title>Sponsoring - F\u00fcreinander - Miteinander<\/title>\n<meta name=\"robots\" content=\"index, follow, max-snippet:-1, max-image-preview:large, max-video-preview:-1\" \/>\n<link rel=\"canonical\" href=\"https:\/\/fuemi-kijufa.de\/index.php\/sponsoring\/\" \/>\n<meta property=\"og:locale\" content=\"de_DE\" \/>\n<meta property=\"og:type\" content=\"article\" \/>\n<meta property=\"og:title\" content=\"Sponsoring - F\u00fcreinander - Miteinander\" \/>\n<meta property=\"og:description\" content=\"Sie m\u00f6chten Sponsoring Partner ? Wir bieten diverse M\u00f6glichkeiten des Sponsorings in jeder Preisklasse an. Gerne senden wir Ihnen unsere allgemeine Sponsoringmappe zu oder unterbreiten Ihnen ein Angebot ganz auf Ihre individuellen Bed\u00fcrfnisse zugeschnitten. Wenden Sie sich gerne an uns wir haben diverse Sponsoringpakete im Angebot, ganz sicher ist auch das richtige f\u00fcr Sie dabei. [&hellip;]\" \/>\n<meta property=\"og:url\" content=\"https:\/\/fuemi-kijufa.de\/index.php\/sponsoring\/\" \/>\n<meta property=\"og:site_name\" content=\"F\u00fcreinander - Miteinander\" \/>\n<meta property=\"article:publisher\" content=\"https:\/\/www.facebook.com\/fuereinandermiteinanderev\" \/>\n<meta property=\"article:modified_time\" content=\"2024-04-23T08:48:53+00:00\" \/>\n<meta name=\"twitter:card\" content=\"summary_large_image\" \/>\n<meta name=\"twitter:label1\" content=\"Gesch\u00e4tzte Lesezeit\" \/>\n\t<meta name=\"twitter:data1\" content=\"1\u00a0Minute\" \/>\n<script type=\"application\/ld+json\" class=\"yoast-schema-graph\">{\"@context\":\"https:\\\/\\\/schema.org\",\"@graph\":[{\"@type\":\"WebPage\",\"@id\":\"https:\\\/\\\/fuemi-kijufa.de\\\/index.php\\\/sponsoring\\\/\",\"url\":\"https:\\\/\\\/fuemi-kijufa.de\\\/index.php\\\/sponsoring\\\/\",\"name\":\"Sponsoring - F\u00fcreinander - Miteinander\",\"isPartOf\":{\"@id\":\"https:\\\/\\\/fuemi-kijufa.de\\\/#website\"},\"datePublished\":\"2024-04-23T08:40:57+00:00\",\"dateModified\":\"2024-04-23T08:48:53+00:00\",\"breadcrumb\":{\"@id\":\"https:\\\/\\\/fuemi-kijufa.de\\\/index.php\\\/sponsoring\\\/#breadcrumb\"},\"inLanguage\":\"de\",\"potentialAction\":[{\"@type\":\"ReadAction\",\"target\":[\"https:\\\/\\\/fuemi-kijufa.de\\\/index.php\\\/sponsoring\\\/\"]}]},{\"@type\":\"BreadcrumbList\",\"@id\":\"https:\\\/\\\/fuemi-kijufa.de\\\/index.php\\\/sponsoring\\\/#breadcrumb\",\"itemListElement\":[{\"@type\":\"ListItem\",\"position\":1,\"name\":\"Startseite\",\"item\":\"https:\\\/\\\/fuemi-kijufa.de\\\/\"},{\"@type\":\"ListItem\",\"position\":2,\"name\":\"Sponsoring\"}]},{\"@type\":\"WebSite\",\"@id\":\"https:\\\/\\\/fuemi-kijufa.de\\\/#website\",\"url\":\"https:\\\/\\\/fuemi-kijufa.de\\\/\",\"name\":\"F\u00fcreinander - Miteinander\",\"description\":\"f\u00fcr Kinder, Jugendliche und Familien e.V.\",\"publisher\":{\"@id\":\"https:\\\/\\\/fuemi-kijufa.de\\\/#organization\"},\"potentialAction\":[{\"@type\":\"SearchAction\",\"target\":{\"@type\":\"EntryPoint\",\"urlTemplate\":\"https:\\\/\\\/fuemi-kijufa.de\\\/?s={search_term_string}\"},\"query-input\":{\"@type\":\"PropertyValueSpecification\",\"valueRequired\":true,\"valueName\":\"search_term_string\"}}],\"inLanguage\":\"de\"},{\"@type\":\"Organization\",\"@id\":\"https:\\\/\\\/fuemi-kijufa.de\\\/#organization\",\"name\":\"F\u00fcreinander - Miteinander f\u00fcr Kinder, Jugendliche und Familien e.V\",\"alternateName\":\"F\u00fcreinander - Miteinander\",\"url\":\"https:\\\/\\\/fuemi-kijufa.de\\\/\",\"logo\":{\"@type\":\"ImageObject\",\"inLanguage\":\"de\",\"@id\":\"https:\\\/\\\/fuemi-kijufa.de\\\/#\\\/schema\\\/logo\\\/image\\\/\",\"url\":\"https:\\\/\\\/fuemi-kijufa.de\\\/wp-content\\\/uploads\\\/2023\\\/08\\\/cropped-cropped-logo-1.webp\",\"contentUrl\":\"https:\\\/\\\/fuemi-kijufa.de\\\/wp-content\\\/uploads\\\/2023\\\/08\\\/cropped-cropped-logo-1.webp\",\"width\":250,\"height\":250,\"caption\":\"F\u00fcreinander - Miteinander f\u00fcr Kinder, Jugendliche und Familien e.V\"},\"image\":{\"@id\":\"https:\\\/\\\/fuemi-kijufa.de\\\/#\\\/schema\\\/logo\\\/image\\\/\"},\"sameAs\":[\"https:\\\/\\\/www.facebook.com\\\/fuereinandermiteinanderev\",\"https:\\\/\\\/www.instagram.com\\\/fuereinandermiteinanderev\\\/\"]}]}<\/script>\n<!-- \/ Yoast SEO plugin. -->","yoast_head_json":{"title":"Sponsoring - F\u00fcreinander - Miteinander","robots":{"index":"index","follow":"follow","max-snippet":"max-snippet:-1","max-image-preview":"max-image-preview:large","max-video-preview":"max-video-preview:-1"},"canonical":"https:\/\/fuemi-kijufa.de\/index.php\/sponsoring\/","og_locale":"de_DE","og_type":"article","og_title":"Sponsoring - F\u00fcreinander - Miteinander","og_description":"Sie m\u00f6chten Sponsoring Partner ? Wir bieten diverse M\u00f6glichkeiten des Sponsorings in jeder Preisklasse an. Gerne senden wir Ihnen unsere allgemeine Sponsoringmappe zu oder unterbreiten Ihnen ein Angebot ganz auf Ihre individuellen Bed\u00fcrfnisse zugeschnitten. Wenden Sie sich gerne an uns wir haben diverse Sponsoringpakete im Angebot, ganz sicher ist auch das richtige f\u00fcr Sie dabei. [&hellip;]","og_url":"https:\/\/fuemi-kijufa.de\/index.php\/sponsoring\/","og_site_name":"F\u00fcreinander - Miteinander","article_publisher":"https:\/\/www.facebook.com\/fuereinandermiteinanderev","article_modified_time":"2024-04-23T08:48:53+00:00","twitter_card":"summary_large_image","twitter_misc":{"Gesch\u00e4tzte Lesezeit":"1\u00a0Minute"},"schema":{"@context":"https:\/\/schema.org","@graph":[{"@type":"WebPage","@id":"https:\/\/fuemi-kijufa.de\/index.php\/sponsoring\/","url":"https:\/\/fuemi-kijufa.de\/index.php\/sponsoring\/","name":"Sponsoring - F\u00fcreinander - Miteinander","isPartOf":{"@id":"https:\/\/fuemi-kijufa.de\/#website"},"datePublished":"2024-04-23T08:40:57+00:00","dateModified":"2024-04-23T08:48:53+00:00","breadcrumb":{"@id":"https:\/\/fuemi-kijufa.de\/index.php\/sponsoring\/#breadcrumb"},"inLanguage":"de","potentialAction":[{"@type":"ReadAction","target":["https:\/\/fuemi-kijufa.de\/index.php\/sponsoring\/"]}]},{"@type":"BreadcrumbList","@id":"https:\/\/fuemi-kijufa.de\/index.php\/sponsoring\/#breadcrumb","itemListElement":[{"@type":"ListItem","position":1,"name":"Startseite","item":"https:\/\/fuemi-kijufa.de\/"},{"@type":"ListItem","position":2,"name":"Sponsoring"}]},{"@type":"WebSite","@id":"https:\/\/fuemi-kijufa.de\/#website","url":"https:\/\/fuemi-kijufa.de\/","name":"F\u00fcreinander - Miteinander","description":"f\u00fcr Kinder, Jugendliche und Familien e.V.","publisher":{"@id":"https:\/\/fuemi-kijufa.de\/#organization"},"potentialAction":[{"@type":"SearchAction","target":{"@type":"EntryPoint","urlTemplate":"https:\/\/fuemi-kijufa.de\/?s={search_term_string}"},"query-input":{"@type":"PropertyValueSpecification","valueRequired":true,"valueName":"search_term_string"}}],"inLanguage":"de"},{"@type":"Organization","@id":"https:\/\/fuemi-kijufa.de\/#organization","name":"F\u00fcreinander - Miteinander f\u00fcr Kinder, Jugendliche und Familien e.V","alternateName":"F\u00fcreinander - Miteinander","url":"https:\/\/fuemi-kijufa.de\/","logo":{"@type":"ImageObject","inLanguage":"de","@id":"https:\/\/fuemi-kijufa.de\/#\/schema\/logo\/image\/","url":"https:\/\/fuemi-kijufa.de\/wp-content\/uploads\/2023\/08\/cropped-cropped-logo-1.webp","contentUrl":"https:\/\/fuemi-kijufa.de\/wp-content\/uploads\/2023\/08\/cropped-cropped-logo-1.webp","width":250,"height":250,"caption":"F\u00fcreinander - Miteinander f\u00fcr Kinder, Jugendliche und Familien e.V"},"image":{"@id":"https:\/\/fuemi-kijufa.de\/#\/schema\/logo\/image\/"},"sameAs":["https:\/\/www.facebook.com\/fuereinandermiteinanderev","https:\/\/www.instagram.com\/fuereinandermiteinanderev\/"]}]}},"_links":{"self":[{"href":"https:\/\/fuemi-kijufa.de\/index.php\/wp-json\/wp\/v2\/pages\/211","targetHints":{"allow":["GET"]}}],"collection":[{"href":"https:\/\/fuemi-kijufa.de\/index.php\/wp-json\/wp\/v2\/pages"}],"about":[{"href":"https:\/\/fuemi-kijufa.de\/index.php\/wp-json\/wp\/v2\/types\/page"}],"author":[{"embeddable":true,"href":"https:\/\/fuemi-kijufa.de\/index.php\/wp-json\/wp\/v2\/users\/1"}],"replies":[{"embeddable":true,"href":"https:\/\/fuemi-kijufa.de\/index.php\/wp-json\/wp\/v2\/comments?post=211"}],"version-history":[{"count":3,"href":"https:\/\/fuemi-kijufa.de\/index.php\/wp-json\/wp\/v2\/pages\/211\/revisions"}],"predecessor-version":[{"id":218,"href":"https:\/\/fuemi-kijufa.de\/index.php\/wp-json\/wp\/v2\/pages\/211\/revisions\/218"}],"wp:attachment":[{"href":"https:\/\/fuemi-kijufa.de\/index.php\/wp-json\/wp\/v2\/media?parent=211"}],"curies":[{"name":"wp","href":"https:\/\/api.w.org\/{rel}","templated":true}]}}